{"id":1309,"date":"2025-07-06T02:02:16","date_gmt":"2025-07-06T09:02:16","guid":{"rendered":"https:\/\/elearning.jesolutions.company\/?post_type=product&#038;p=1309"},"modified":"2025-07-06T02:04:44","modified_gmt":"2025-07-06T09:04:44","slug":"excel-basico","status":"publish","type":"product","link":"https:\/\/elearning.jesolutions.company\/en\/product\/excel-basico\/","title":{"rendered":"Excel b\u00e1sico"},"content":{"rendered":"<p data-start=\"138\" data-end=\"547\"><strong data-start=\"138\" data-end=\"211\">Domina las herramientas esenciales para destacar en el mundo laboral.<\/strong><br data-start=\"211\" data-end=\"214\" \/>Este curso de Excel B\u00e1sico est\u00e1 dise\u00f1ado para personas sin experiencia previa o con conocimientos limitados que desean aprender desde cero. A lo largo del curso, conocer\u00e1s la interfaz de Excel, aprender\u00e1s a trabajar con hojas de c\u00e1lculo, crear f\u00f3rmulas, usar funciones b\u00e1sicas, dar formato a tus datos y generar gr\u00e1ficos sencillos.<\/p>\r\n<p data-start=\"549\" data-end=\"764\">Ideal para estudiantes, emprendedores, administrativos y cualquier persona que quiera mejorar su productividad. Al finalizar, contar\u00e1s con las bases s\u00f3lidas para seguir avanzando a niveles intermedios y avanzados.<\/p>","protected":false},"excerpt":{"rendered":"<p>Domina las herramientas esenciales para destacar en el mundo laboral.Este curso de Excel B\u00e1sico est\u00e1 dise\u00f1ado para personas sin experiencia previa o con conocimientos limitados que desean aprender desde cero. A lo largo del curso, conocer\u00e1s la interfaz de Excel, aprender\u00e1s a trabajar con hojas de c\u00e1lculo, crear f\u00f3rmulas, usar funciones b\u00e1sicas, dar formato a [&hellip;]<\/p>\n","protected":false},"featured_media":979,"comment_status":"closed","ping_status":"closed","template":"","meta":{"_bbp_topic_count":0,"_bbp_reply_count":0,"_bbp_total_topic_count":0,"_bbp_total_reply_count":0,"_bbp_voice_count":0,"_bbp_anonymous_reply_count":0,"_bbp_topic_count_hidden":0,"_bbp_reply_count_hidden":0,"_bbp_forum_subforum_count":0,"_gspb_post_css":"","content-type":""},"product_brand":[],"product_cat":[15],"product_tag":[106,107,108,109,110,113,114],"class_list":{"0":"post-1309","1":"product","2":"type-product","3":"status-publish","4":"has-post-thumbnail","6":"product_cat-uncategorized","7":"product_tag-administracion","8":"product_tag-almacen","9":"product_tag-comercial","10":"product_tag-direccion","11":"product_tag-industrial","12":"product_tag-retail","13":"product_tag-supervisores","15":"first","16":"instock","17":"virtual","18":"sold-individually","19":"taxable","20":"purchasable","21":"product-type-simple"},"aioseo_notices":[],"_links":{"self":[{"href":"https:\/\/elearning.jesolutions.company\/en\/wp-json\/wp\/v2\/product\/1309","targetHints":{"allow":["GET"]}}],"collection":[{"href":"https:\/\/elearning.jesolutions.company\/en\/wp-json\/wp\/v2\/product"}],"about":[{"href":"https:\/\/elearning.jesolutions.company\/en\/wp-json\/wp\/v2\/types\/product"}],"replies":[{"embeddable":true,"href":"https:\/\/elearning.jesolutions.company\/en\/wp-json\/wp\/v2\/comments?post=1309"}],"wp:featuredmedia":[{"embeddable":true,"href":"https:\/\/elearning.jesolutions.company\/en\/wp-json\/wp\/v2\/media\/979"}],"wp:attachment":[{"href":"https:\/\/elearning.jesolutions.company\/en\/wp-json\/wp\/v2\/media?parent=1309"}],"wp:term":[{"taxonomy":"product_brand","embeddable":true,"href":"https:\/\/elearning.jesolutions.company\/en\/wp-json\/wp\/v2\/product_brand?post=1309"},{"taxonomy":"product_cat","embeddable":true,"href":"https:\/\/elearning.jesolutions.company\/en\/wp-json\/wp\/v2\/product_cat?post=1309"},{"taxonomy":"product_tag","embeddable":true,"href":"https:\/\/elearning.jesolutions.company\/en\/wp-json\/wp\/v2\/product_tag?post=1309"}],"curies":[{"name":"wp","href":"https:\/\/api.w.org\/{rel}","templated":true}]}}