{"id":1200,"date":"2025-02-06T12:30:22","date_gmt":"2025-02-06T19:30:22","guid":{"rendered":"https:\/\/elearning.jesolutions.company\/producto\/administracion-control-y-gestion-de-inventarios\/"},"modified":"2025-07-05T02:01:51","modified_gmt":"2025-07-05T09:01:51","slug":"administracion-control-y-gestion-de-inventarios","status":"publish","type":"product","link":"https:\/\/elearning.jesolutions.company\/en\/product\/administracion-control-y-gestion-de-inventarios\/","title":{"rendered":"Administraci\u00f3n, Control y Gesti\u00f3n de Inventarios"},"content":{"rendered":"<p>La gesti\u00f3n eficiente de inventarios es clave para cualquier negocio que maneje productos. En este curso, aprender\u00e1s a administrar, controlar y optimizar tus inventarios para reducir costos, evitar p\u00e9rdidas y mejorar la rentabilidad.<\/p>\r\n\r\n\r\n\r\n<p>A trav\u00e9s de un enfoque pr\u00e1ctico y aplicado, conocer\u00e1s m\u00e9todos y herramientas para organizar el stock, prever la demanda, implementar estrategias de control y maximizar la eficiencia en el almacenamiento.<\/p>\r\n\r\n\r\n\r\n<p>&nbsp;<\/p>","protected":false},"excerpt":{"rendered":"<p>La gesti\u00f3n eficiente de inventarios es clave para cualquier negocio que maneje productos. En este curso, aprender\u00e1s a administrar, controlar y optimizar tus inventarios para reducir costos, evitar p\u00e9rdidas y mejorar la rentabilidad. A trav\u00e9s de un enfoque pr\u00e1ctico y aplicado, conocer\u00e1s m\u00e9todos y herramientas para organizar el stock, prever la demanda, implementar estrategias de [&hellip;]<\/p>\n","protected":false},"featured_media":397,"comment_status":"closed","ping_status":"closed","template":"","meta":{"_bbp_topic_count":0,"_bbp_reply_count":0,"_bbp_total_topic_count":0,"_bbp_total_reply_count":0,"_bbp_voice_count":0,"_bbp_anonymous_reply_count":0,"_bbp_topic_count_hidden":0,"_bbp_reply_count_hidden":0,"_bbp_forum_subforum_count":0,"_gspb_post_css":"","content-type":""},"product_brand":[],"product_cat":[15],"product_tag":[106,107,108,109,110,111,112,113,114],"class_list":{"0":"post-1200","1":"product","2":"type-product","3":"status-publish","4":"has-post-thumbnail","6":"product_cat-uncategorized","7":"product_tag-administracion","8":"product_tag-almacen","9":"product_tag-comercial","10":"product_tag-direccion","11":"product_tag-industrial","12":"product_tag-inventarios","13":"product_tag-restaurantes","14":"product_tag-retail","15":"product_tag-supervisores","17":"first","18":"instock","19":"virtual","20":"sold-individually","21":"taxable","22":"purchasable","23":"product-type-simple"},"aioseo_notices":[],"_links":{"self":[{"href":"https:\/\/elearning.jesolutions.company\/en\/wp-json\/wp\/v2\/product\/1200","targetHints":{"allow":["GET"]}}],"collection":[{"href":"https:\/\/elearning.jesolutions.company\/en\/wp-json\/wp\/v2\/product"}],"about":[{"href":"https:\/\/elearning.jesolutions.company\/en\/wp-json\/wp\/v2\/types\/product"}],"replies":[{"embeddable":true,"href":"https:\/\/elearning.jesolutions.company\/en\/wp-json\/wp\/v2\/comments?post=1200"}],"wp:featuredmedia":[{"embeddable":true,"href":"https:\/\/elearning.jesolutions.company\/en\/wp-json\/wp\/v2\/media\/397"}],"wp:attachment":[{"href":"https:\/\/elearning.jesolutions.company\/en\/wp-json\/wp\/v2\/media?parent=1200"}],"wp:term":[{"taxonomy":"product_brand","embeddable":true,"href":"https:\/\/elearning.jesolutions.company\/en\/wp-json\/wp\/v2\/product_brand?post=1200"},{"taxonomy":"product_cat","embeddable":true,"href":"https:\/\/elearning.jesolutions.company\/en\/wp-json\/wp\/v2\/product_cat?post=1200"},{"taxonomy":"product_tag","embeddable":true,"href":"https:\/\/elearning.jesolutions.company\/en\/wp-json\/wp\/v2\/product_tag?post=1200"}],"curies":[{"name":"wp","href":"https:\/\/api.w.org\/{rel}","templated":true}]}}